{"id":405,"date":"2025-10-14T15:01:06","date_gmt":"2025-10-14T15:01:06","guid":{"rendered":"https:\/\/sweetcares.org\/treballeu-amb-nosaltres"},"modified":"2025-12-01T08:59:51","modified_gmt":"2025-12-01T08:59:51","slug":"treballeu-amb-nosaltres","status":"publish","type":"page","link":"https:\/\/sweetcares.org\/ca\/treballeu-amb-nosaltres","title":{"rendered":"Treballeu amb nosaltres"},"content":{"rendered":"\t\t<div data-elementor-type=\"wp-page\" data-elementor-id=\"405\" class=\"elementor elementor-405 elementor-271\" data-elementor-post-type=\"page\">\n\t\t\t\t<div class=\"elementor-element elementor-element-1a70881 e-flex e-con-boxed e-con e-parent\" data-id=\"1a70881\" data-element_type=\"container\" data-e-type=\"container\">\n\t\t\t\t\t<div class=\"e-con-inner\">\n\t\t<div class=\"elementor-element elementor-element-121f7de e-con-full e-flex e-con e-child\" data-id=\"121f7de\" data-element_type=\"container\" data-e-type=\"container\">\n\t\t\t\t<div class=\"elementor-element elementor-element-1ebfce2 elementor-widget elementor-widget-heading\" data-id=\"1ebfce2\" data-element_type=\"widget\" data-e-type=\"widget\" data-widget_type=\"heading.default\">\n\t\t\t\t\t<h1 class=\"elementor-heading-title elementor-size-default\">Treballeu amb nosaltres<\/h1>\t\t\t\t<\/div>\n\t\t<div class=\"elementor-element elementor-element-79a962e e-con-full e-flex e-con e-child\" data-id=\"79a962e\" data-element_type=\"container\" data-e-type=\"container\">\n\t\t\t\t<div class=\"elementor-element elementor-element-ff814f3 elementor-widget elementor-widget-text-editor\" data-id=\"ff814f3\" data-element_type=\"widget\" data-e-type=\"widget\" data-widget_type=\"text-editor.default\">\n\t\t\t\t\t\t\t\t\t<p>Cuidar \u00e9s molt m\u00e9s que una feina: \u00e9s acompanyar, escoltar i millorar la vida de qui m\u00e9s ho necessita.<\/p><p>Busquem persones amb vocaci\u00f3, empatia i comprom\u00eds per oferir un servei proper i de qualitat, tant a gent gran com a infants.<\/p><p>Si us apassiona ajudar i compartiu els nostres valors de respecte i dedicaci\u00f3, uniu-vos a un equip que us dona suport, us forma i us valora.<\/p>\t\t\t\t\t\t\t\t<\/div>\n\t\t\t\t<\/div>\n\t\t\t\t<div class=\"elementor-element elementor-element-ee636de elementor-align-center elementor-widget elementor-widget-button\" data-id=\"ee636de\" data-element_type=\"widget\" data-e-type=\"widget\" data-widget_type=\"button.default\">\n\t\t\t\t\t\t\t\t\t\t<a class=\"elementor-button elementor-button-link elementor-size-sm\" href=\"#contacto\">\n\t\t\t\t\t\t<span class=\"elementor-button-content-wrapper\">\n\t\t\t\t\t\t\t\t\t<span class=\"elementor-button-text\">Envieu la vostra candidatura<\/span>\n\t\t\t\t\t<\/span>\n\t\t\t\t\t<\/a>\n\t\t\t\t\t\t\t\t<\/div>\n\t\t\t\t<\/div>\n\t\t<div class=\"elementor-element elementor-element-9c783c3 e-con-full e-flex e-con e-child\" data-id=\"9c783c3\" data-element_type=\"container\" data-e-type=\"container\">\n\t\t\t\t<div class=\"elementor-element elementor-element-5a5ef07 elementor-widget elementor-widget-image\" data-id=\"5a5ef07\" data-element_type=\"widget\" data-e-type=\"widget\" data-widget_type=\"image.default\">\n\t\t\t\t\t\t\t\t\t\t\t\t\t\t\t<img decoding=\"async\" src=\"https:\/\/sweetcares.org\/wp-content\/uploads\/elementor\/thumbs\/preschool-boy-playing-with-colorful-toy-rocket-2025-10-09-10-35-49-utc-scaled-rdbxmilz743jtfbxeetflh15yv7dncxh6ggztax0f8.jpg\" title=\"preschool-boy-playing-with-colorful-toy-rocket-2025-10-09-10-35-49-utc\" alt=\"preschool-boy-playing-with-colorful-toy-rocket-2025-10-09-10-35-49-utc\" loading=\"lazy\" \/>\t\t\t\t\t\t\t\t\t\t\t\t\t\t\t<\/div>\n\t\t\t\t<\/div>\n\t\t\t\t\t<\/div>\n\t\t\t\t<\/div>\n\t\t<div class=\"elementor-element elementor-element-f30e5fe e-flex e-con-boxed e-con e-child\" data-id=\"f30e5fe\" data-element_type=\"container\" data-e-type=\"container\">\n\t\t\t\t\t<div class=\"e-con-inner\">\n\t\t\t\t<div class=\"elementor-element elementor-element-d6217f4 elementor-widget elementor-widget-heading\" data-id=\"d6217f4\" data-element_type=\"widget\" data-e-type=\"widget\" data-widget_type=\"heading.default\">\n\t\t\t\t\t<p class=\"elementor-heading-title elementor-size-default\">El que us oferim<\/p>\t\t\t\t<\/div>\n\t\t\t\t<div class=\"elementor-element elementor-element-f3acec1 elementor-widget elementor-widget-text-editor\" data-id=\"f3acec1\" data-element_type=\"widget\" data-e-type=\"widget\" data-widget_type=\"text-editor.default\">\n\t\t\t\t\t\t\t\t\tVeniu a cuidar amb suport. Aqu\u00ed no aneu sol\/a: aneu amb m\u00e8tode, seguiment i equip.\n\t\t\t\t\t\t\t\t<\/div>\n\t\t<div class=\"elementor-element elementor-element-db5d2c6 e-con-full e-flex e-con e-child\" data-id=\"db5d2c6\" data-element_type=\"container\" data-e-type=\"container\">\n\t\t<div class=\"elementor-element elementor-element-94d3837 e-con-full borde-naranja e-flex e-con e-child\" data-id=\"94d3837\" data-element_type=\"container\" data-e-type=\"container\" data-settings=\"{&quot;background_background&quot;:&quot;classic&quot;}\">\n\t\t\t\t<div class=\"elementor-element elementor-element-2b52cac elementor-widget elementor-widget-heading\" data-id=\"2b52cac\" data-element_type=\"widget\" data-e-type=\"widget\" data-widget_type=\"heading.default\">\n\t\t\t\t\t<h3 class=\"elementor-heading-title elementor-size-default\">Horaris flexibles<\/h3>\t\t\t\t<\/div>\n\t\t\t\t<div class=\"elementor-element elementor-element-1f7cb74 elementor-widget elementor-widget-text-editor\" data-id=\"1f7cb74\" data-element_type=\"widget\" data-e-type=\"widget\" data-widget_type=\"text-editor.default\">\n\t\t\t\t\t\t\t\t\tPer hores, jornades, nits i 24\/7 segons disponibilitat.\t\t\t\t\t\t\t\t<\/div>\n\t\t\t\t<\/div>\n\t\t<div class=\"elementor-element elementor-element-1b4f745 e-con-full borde-naranja e-flex e-con e-child\" data-id=\"1b4f745\" data-element_type=\"container\" data-e-type=\"container\" data-settings=\"{&quot;background_background&quot;:&quot;classic&quot;}\">\n\t\t\t\t<div class=\"elementor-element elementor-element-be259d7 elementor-widget elementor-widget-heading\" data-id=\"be259d7\" data-element_type=\"widget\" data-e-type=\"widget\" data-widget_type=\"heading.default\">\n\t\t\t\t\t<h3 class=\"elementor-heading-title elementor-size-default\">Formaci\u00f3 cont\u00ednua<\/h3>\t\t\t\t<\/div>\n\t\t\t\t<div class=\"elementor-element elementor-element-7454aba elementor-widget elementor-widget-text-editor\" data-id=\"7454aba\" data-element_type=\"widget\" data-e-type=\"widget\" data-widget_type=\"text-editor.default\">\n\t\t\t\t\t\t\t\t\tProtocols, primers auxilis, estimulaci\u00f3 i tracte respectu\u00f3s.\t\t\t\t\t\t\t\t<\/div>\n\t\t\t\t<\/div>\n\t\t<div class=\"elementor-element elementor-element-c719b61 e-con-full borde-naranja e-flex e-con e-child\" data-id=\"c719b61\" data-element_type=\"container\" data-e-type=\"container\" data-settings=\"{&quot;background_background&quot;:&quot;classic&quot;}\">\n\t\t\t\t<div class=\"elementor-element elementor-element-c18b4ce elementor-widget elementor-widget-heading\" data-id=\"c18b4ce\" data-element_type=\"widget\" data-e-type=\"widget\" data-widget_type=\"heading.default\">\n\t\t\t\t\t<h3 class=\"elementor-heading-title elementor-size-default\">Acompanyament<\/h3>\t\t\t\t<\/div>\n\t\t\t\t<div class=\"elementor-element elementor-element-522e9ca elementor-widget elementor-widget-text-editor\" data-id=\"522e9ca\" data-element_type=\"widget\" data-e-type=\"widget\" data-widget_type=\"text-editor.default\">\n\t\t\t\t\t\t\t\t\t<div class=\"card\"><p>Mentoria, feedback i suport 24\/7 durant els serveis.<\/p><\/div>\t\t\t\t\t\t\t\t<\/div>\n\t\t\t\t<\/div>\n\t\t\t\t<\/div>\n\t\t\t\t\t<\/div>\n\t\t\t\t<\/div>\n\t\t<div class=\"elementor-element elementor-element-b963ea7 e-flex e-con-boxed e-con e-child\" data-id=\"b963ea7\" data-element_type=\"container\" data-e-type=\"container\">\n\t\t\t\t\t<div class=\"e-con-inner\">\n\t\t\t\t<div class=\"elementor-element elementor-element-6a732da elementor-widget elementor-widget-heading\" data-id=\"6a732da\" data-element_type=\"widget\" data-e-type=\"widget\" data-widget_type=\"heading.default\">\n\t\t\t\t\t<h2 class=\"elementor-heading-title elementor-size-default\">\u00bfVoleu treballar amb nosaltres?<\/h2>\t\t\t\t<\/div>\n\t\t\t\t<div class=\"elementor-element elementor-element-c9ea2e3 elementor-widget elementor-widget-text-editor\" data-id=\"c9ea2e3\" data-element_type=\"widget\" data-e-type=\"widget\" data-widget_type=\"text-editor.default\">\n\t\t\t\t\t\t\t\t\t<p>Envieu-nos la vostra candidatura, expliqueu-nos la vostra experi\u00e8ncia i el que us apassiona. Nosaltres ens comprometem a donar-vos resposta al m\u00e9s aviat possible.<\/p>\t\t\t\t\t\t\t\t<\/div>\n\t\t<div class=\"elementor-element elementor-element-a607442 e-con-full e-flex e-con e-child\" data-id=\"a607442\" data-element_type=\"container\" data-e-type=\"container\" data-settings=\"{&quot;background_background&quot;:&quot;classic&quot;}\">\n\t\t\t\t<div class=\"elementor-element elementor-element-a4b6be0 elementor-widget__width-initial elementor-button-align-stretch elementor-widget elementor-widget-form\" data-id=\"a4b6be0\" data-element_type=\"widget\" data-e-type=\"widget\" data-settings=\"{&quot;button_width&quot;:&quot;20&quot;,&quot;step_next_label&quot;:&quot;Seg\\u00fcent&quot;,&quot;step_previous_label&quot;:&quot;Anterior&quot;,&quot;step_type&quot;:&quot;number_text&quot;,&quot;step_icon_shape&quot;:&quot;circle&quot;}\" data-widget_type=\"form.default\">\n\t\t\t\t\t\t\t<form class=\"elementor-form\" method=\"post\" name=\"Nou formulari\" aria-label=\"Nou formulari\">\n\t\t\t<input type=\"hidden\" name=\"post_id\" value=\"405\"\/>\n\t\t\t<input type=\"hidden\" name=\"form_id\" value=\"a4b6be0\"\/>\n\t\t\t<input type=\"hidden\" name=\"referer_title\" value=\"Treballeu amb nosaltres | SweetCares\" \/>\n\n\t\t\t\t\t\t\t<input type=\"hidden\" name=\"queried_id\" value=\"405\"\/>\n\t\t\t\n\t\t\t<div class=\"elementor-form-fields-wrapper elementor-labels-\">\n\t\t\t\t\t\t\t\t<div class=\"elementor-field-type-text elementor-field-group elementor-column elementor-field-group-name elementor-col-100 elementor-field-required\">\n\t\t\t\t\t\t\t\t\t\t\t\t<label for=\"form-field-name\" class=\"elementor-field-label elementor-screen-only\">\n\t\t\t\t\t\t\t\tNom\t\t\t\t\t\t\t<\/label>\n\t\t\t\t\t\t\t\t\t\t\t\t\t\t<input size=\"1\" type=\"text\" name=\"form_fields[name]\" id=\"form-field-name\" class=\"elementor-field elementor-size-sm  elementor-field-textual\" placeholder=\"Nom\" required=\"required\">\n\t\t\t\t\t\t\t\t\t\t\t<\/div>\n\t\t\t\t\t\t\t\t<div class=\"elementor-field-type-email elementor-field-group elementor-column elementor-field-group-email elementor-col-100 elementor-field-required\">\n\t\t\t\t\t\t\t\t\t\t\t\t<label for=\"form-field-email\" class=\"elementor-field-label elementor-screen-only\">\n\t\t\t\t\t\t\t\tEmail\t\t\t\t\t\t\t<\/label>\n\t\t\t\t\t\t\t\t\t\t\t\t\t\t<input size=\"1\" type=\"email\" name=\"form_fields[email]\" id=\"form-field-email\" class=\"elementor-field elementor-size-sm  elementor-field-textual\" placeholder=\"Correu electr\u00f2nic\" required=\"required\">\n\t\t\t\t\t\t\t\t\t\t\t<\/div>\n\t\t\t\t\t\t\t\t<div class=\"elementor-field-type-tel elementor-field-group elementor-column elementor-field-group-field_5b72f96 elementor-col-50\">\n\t\t\t\t\t\t\t\t\t\t\t\t<label for=\"form-field-field_5b72f96\" class=\"elementor-field-label elementor-screen-only\">\n\t\t\t\t\t\t\t\tTel\u00e8fon\t\t\t\t\t\t\t<\/label>\n\t\t\t\t\t\t\t\t<input size=\"1\" type=\"tel\" name=\"form_fields[field_5b72f96]\" id=\"form-field-field_5b72f96\" class=\"elementor-field elementor-size-sm  elementor-field-textual\" placeholder=\"Tel\u00e8fon\" pattern=\"[0-9()#&amp;+*-=.]+\" title=\"Only numbers and phone characters (#, -, *, etc) are accepted.\">\n\n\t\t\t\t\t\t<\/div>\n\t\t\t\t\t\t\t\t<div class=\"elementor-field-type-number elementor-field-group elementor-column elementor-field-group-field_32e919f elementor-col-50\">\n\t\t\t\t\t\t\t\t\t\t\t\t<label for=\"form-field-field_32e919f\" class=\"elementor-field-label elementor-screen-only\">\n\t\t\t\t\t\t\t\tCodi Postal\t\t\t\t\t\t\t<\/label>\n\t\t\t\t\t\t\t\t\t<input type=\"number\" name=\"form_fields[field_32e919f]\" id=\"form-field-field_32e919f\" class=\"elementor-field elementor-size-sm  elementor-field-textual\" placeholder=\"Codi Postal\" min=\"0\" max=\"99999\" >\n\t\t\t\t\t\t<\/div>\n\t\t\t\t\t\t\t\t<div class=\"elementor-field-type-textarea elementor-field-group elementor-column elementor-field-group-message elementor-col-100\">\n\t\t\t\t\t\t\t\t\t\t\t\t<label for=\"form-field-message\" class=\"elementor-field-label elementor-screen-only\">\n\t\t\t\t\t\t\t\tMissatge\t\t\t\t\t\t\t<\/label>\n\t\t\t\t\t\t<textarea class=\"elementor-field-textual elementor-field  elementor-size-sm\" name=\"form_fields[message]\" id=\"form-field-message\" rows=\"4\" placeholder=\"Missatge\"><\/textarea>\t\t\t\t<\/div>\n\t\t\t\t\t\t\t\t<div class=\"elementor-field-type-upload elementor-field-group elementor-column elementor-field-group-field_bb033e0 elementor-col-100 elementor-field-required\">\n\t\t\t\t\t\t\t\t\t\t\t\t<label for=\"form-field-field_bb033e0\" class=\"elementor-field-label elementor-screen-only\">\n\t\t\t\t\t\t\t\tCV\t\t\t\t\t\t\t<\/label>\n\t\t\t\t\t\t\t\t<input type=\"file\" name=\"form_fields[field_bb033e0]\" id=\"form-field-field_bb033e0\" class=\"elementor-field elementor-size-sm  elementor-upload-field\" required=\"required\" data-maxsize=\"1\" data-maxsize-message=\"This file exceeds the maximum allowed size.\">\n\n\t\t\t\t\t\t<\/div>\n\t\t\t\t\t\t\t\t<div class=\"elementor-field-type-acceptance elementor-field-group elementor-column elementor-field-group-field_b634dae elementor-col-100\">\n\t\t\t\t\t\t\t\t\t\t\t\t<label for=\"form-field-field_b634dae\" class=\"elementor-field-label elementor-screen-only\">\n\t\t\t\t\t\t\t\tAcceptaci\u00f3\t\t\t\t\t\t\t<\/label>\n\t\t\t\t\t\t\t\t<div class=\"elementor-field-subgroup\">\n\t\t\t<span class=\"elementor-field-option\">\n\t\t\t\t<input type=\"checkbox\" name=\"form_fields[field_b634dae]\" id=\"form-field-field_b634dae\" class=\"elementor-field elementor-size-sm  elementor-acceptance-field\">\n\t\t\t\t<label for=\"form-field-field_b634dae\">Accepto els termes i condicions de SweetCares<\/label>\t\t\t<\/span>\n\t\t<\/div>\n\t\t\t\t\t\t<\/div>\n\t\t\t\t\t\t\t\t<div class=\"elementor-field-type-recaptcha_v3 elementor-field-group elementor-column elementor-field-group-field_c960c3e elementor-col-100 recaptcha_v3-bottomright\">\n\t\t\t\t\t<div class=\"elementor-field\" id=\"form-field-field_c960c3e\"><div class=\"elementor-g-recaptcha\" data-sitekey=\"6LfBP-orAAAAADGenDb97quXun5yDI-rgGfgOxd4\" data-type=\"v3\" data-action=\"Form\" data-badge=\"bottomright\" data-size=\"invisible\"><\/div><\/div>\t\t\t\t<\/div>\n\t\t\t\t\t\t\t\t<div class=\"elementor-field-group elementor-column elementor-field-type-submit elementor-col-20 e-form__buttons\">\n\t\t\t\t\t<button class=\"elementor-button elementor-size-sm\" type=\"submit\">\n\t\t\t\t\t\t<span class=\"elementor-button-content-wrapper\">\n\t\t\t\t\t\t\t\t\t\t\t\t\t\t\t\t\t\t\t\t\t\t<span class=\"elementor-button-text\">Enviar<\/span>\n\t\t\t\t\t\t\t\t\t\t\t\t\t<\/span>\n\t\t\t\t\t<\/button>\n\t\t\t\t<\/div>\n\t\t\t<\/div>\n\t\t<\/form>\n\t\t\t\t\t\t<\/div>\n\t\t\t\t<\/div>\n\t\t\t\t\t<\/div>\n\t\t\t\t<\/div>\n\t\t\t\t<\/div>\n\t\t","protected":false},"excerpt":{"rendered":"<p>Treballeu amb nosaltres Cuidar \u00e9s molt m\u00e9s que una feina: \u00e9s acompanyar, escoltar i millorar la vida de qui m\u00e9s ho necessita. Busquem persones amb vocaci\u00f3, empatia i comprom\u00eds per oferir un servei proper i de qualitat, tant a gent gran com a infants. Si us apassiona ajudar i compartiu els nostres valors de respecte [&hellip;]<\/p>\n","protected":false},"author":1,"featured_media":0,"parent":0,"menu_order":0,"comment_status":"closed","ping_status":"closed","template":"","meta":{"footnotes":""},"class_list":["post-405","page","type-page","status-publish","hentry"],"yoast_head":"<!-- This site is optimized with the Yoast SEO plugin v26.1.1 - https:\/\/yoast.com\/wordpress\/plugins\/seo\/ -->\n<title>Treballeu amb nosaltres | SweetCares<\/title>\n<meta name=\"robots\" content=\"index, follow, max-snippet:-1, max-image-preview:large, max-video-preview:-1\" \/>\n<link rel=\"canonical\" href=\"https:\/\/sweetcares.org\/ca\/treballeu-amb-nosaltres\" \/>\n<meta property=\"og:locale\" content=\"ca_ES\" \/>\n<meta property=\"og:type\" content=\"article\" \/>\n<meta property=\"og:title\" content=\"Treballeu amb nosaltres | SweetCares\" \/>\n<meta property=\"og:description\" content=\"Treballeu amb nosaltres Cuidar \u00e9s molt m\u00e9s que una feina: \u00e9s acompanyar, escoltar i millorar la vida de qui m\u00e9s ho necessita. Busquem persones amb vocaci\u00f3, empatia i comprom\u00eds per oferir un servei proper i de qualitat, tant a gent gran com a infants. Si us apassiona ajudar i compartiu els nostres valors de respecte [&hellip;]\" \/>\n<meta property=\"og:url\" content=\"https:\/\/sweetcares.org\/ca\/treballeu-amb-nosaltres\" \/>\n<meta property=\"og:site_name\" content=\"SweetCares\" \/>\n<meta property=\"article:modified_time\" content=\"2025-12-01T08:59:51+00:00\" \/>\n<meta property=\"og:image\" content=\"https:\/\/sweetcares.org\/wp-content\/uploads\/2025\/10\/preschool-boy-playing-with-colorful-toy-rocket-2025-10-09-10-35-49-utc-scaled.jpg\" \/>\n<meta name=\"twitter:card\" content=\"summary_large_image\" \/>\n<meta name=\"twitter:label1\" content=\"Temps estimat de lectura\" \/>\n\t<meta name=\"twitter:data1\" content=\"1 minut\" \/>\n<script type=\"application\/ld+json\" class=\"yoast-schema-graph\">{\"@context\":\"https:\/\/schema.org\",\"@graph\":[{\"@type\":\"WebPage\",\"@id\":\"https:\/\/sweetcares.org\/ca\/treballeu-amb-nosaltres\",\"url\":\"https:\/\/sweetcares.org\/ca\/treballeu-amb-nosaltres\",\"name\":\"Treballeu amb nosaltres | SweetCares\",\"isPartOf\":{\"@id\":\"https:\/\/sweetcares.org\/ca#website\"},\"primaryImageOfPage\":{\"@id\":\"https:\/\/sweetcares.org\/ca\/treballeu-amb-nosaltres#primaryimage\"},\"image\":{\"@id\":\"https:\/\/sweetcares.org\/ca\/treballeu-amb-nosaltres#primaryimage\"},\"thumbnailUrl\":\"https:\/\/sweetcares.org\/wp-content\/uploads\/2025\/10\/preschool-boy-playing-with-colorful-toy-rocket-2025-10-09-10-35-49-utc-scaled.jpg\",\"datePublished\":\"2025-10-14T15:01:06+00:00\",\"dateModified\":\"2025-12-01T08:59:51+00:00\",\"breadcrumb\":{\"@id\":\"https:\/\/sweetcares.org\/ca\/treballeu-amb-nosaltres#breadcrumb\"},\"inLanguage\":\"ca\",\"potentialAction\":[{\"@type\":\"ReadAction\",\"target\":[\"https:\/\/sweetcares.org\/ca\/treballeu-amb-nosaltres\"]}]},{\"@type\":\"ImageObject\",\"inLanguage\":\"ca\",\"@id\":\"https:\/\/sweetcares.org\/ca\/treballeu-amb-nosaltres#primaryimage\",\"url\":\"https:\/\/sweetcares.org\/wp-content\/uploads\/2025\/10\/preschool-boy-playing-with-colorful-toy-rocket-2025-10-09-10-35-49-utc-scaled.jpg\",\"contentUrl\":\"https:\/\/sweetcares.org\/wp-content\/uploads\/2025\/10\/preschool-boy-playing-with-colorful-toy-rocket-2025-10-09-10-35-49-utc-scaled.jpg\"},{\"@type\":\"BreadcrumbList\",\"@id\":\"https:\/\/sweetcares.org\/ca\/treballeu-amb-nosaltres#breadcrumb\",\"itemListElement\":[{\"@type\":\"ListItem\",\"position\":1,\"name\":\"Portada\",\"item\":\"https:\/\/sweetcares.org\/ca\"},{\"@type\":\"ListItem\",\"position\":2,\"name\":\"Treballeu amb nosaltres\"}]},{\"@type\":\"WebSite\",\"@id\":\"https:\/\/sweetcares.org\/ca#website\",\"url\":\"https:\/\/sweetcares.org\/ca\",\"name\":\"SweetCares\",\"description\":\"Cerca de ti\",\"publisher\":{\"@id\":\"https:\/\/sweetcares.org\/ca#organization\"},\"alternateName\":\"Cuidamos a los que m\u00e1s quieres\",\"potentialAction\":[{\"@type\":\"SearchAction\",\"target\":{\"@type\":\"EntryPoint\",\"urlTemplate\":\"https:\/\/sweetcares.org\/ca?s={search_term_string}\"},\"query-input\":{\"@type\":\"PropertyValueSpecification\",\"valueRequired\":true,\"valueName\":\"search_term_string\"}}],\"inLanguage\":\"ca\"},{\"@type\":\"Organization\",\"@id\":\"https:\/\/sweetcares.org\/ca#organization\",\"name\":\"SweetCares\",\"url\":\"https:\/\/sweetcares.org\/ca\",\"logo\":{\"@type\":\"ImageObject\",\"inLanguage\":\"ca\",\"@id\":\"https:\/\/sweetcares.org\/ca#\/schema\/logo\/image\/\",\"url\":\"https:\/\/sweetcares.org\/wp-content\/uploads\/2025\/10\/Logo_Sweet_Cares.webp\",\"contentUrl\":\"https:\/\/sweetcares.org\/wp-content\/uploads\/2025\/10\/Logo_Sweet_Cares.webp\",\"width\":300,\"height\":300,\"caption\":\"SweetCares\"},\"image\":{\"@id\":\"https:\/\/sweetcares.org\/ca#\/schema\/logo\/image\/\"}}]}<\/script>\n<!-- \/ Yoast SEO plugin. -->","yoast_head_json":{"title":"Treballeu amb nosaltres | SweetCares","robots":{"index":"index","follow":"follow","max-snippet":"max-snippet:-1","max-image-preview":"max-image-preview:large","max-video-preview":"max-video-preview:-1"},"canonical":"https:\/\/sweetcares.org\/ca\/treballeu-amb-nosaltres","og_locale":"ca_ES","og_type":"article","og_title":"Treballeu amb nosaltres | SweetCares","og_description":"Treballeu amb nosaltres Cuidar \u00e9s molt m\u00e9s que una feina: \u00e9s acompanyar, escoltar i millorar la vida de qui m\u00e9s ho necessita. Busquem persones amb vocaci\u00f3, empatia i comprom\u00eds per oferir un servei proper i de qualitat, tant a gent gran com a infants. Si us apassiona ajudar i compartiu els nostres valors de respecte [&hellip;]","og_url":"https:\/\/sweetcares.org\/ca\/treballeu-amb-nosaltres","og_site_name":"SweetCares","article_modified_time":"2025-12-01T08:59:51+00:00","og_image":[{"url":"https:\/\/sweetcares.org\/wp-content\/uploads\/2025\/10\/preschool-boy-playing-with-colorful-toy-rocket-2025-10-09-10-35-49-utc-scaled.jpg","type":"","width":"","height":""}],"twitter_card":"summary_large_image","twitter_misc":{"Temps estimat de lectura":"1 minut"},"schema":{"@context":"https:\/\/schema.org","@graph":[{"@type":"WebPage","@id":"https:\/\/sweetcares.org\/ca\/treballeu-amb-nosaltres","url":"https:\/\/sweetcares.org\/ca\/treballeu-amb-nosaltres","name":"Treballeu amb nosaltres | SweetCares","isPartOf":{"@id":"https:\/\/sweetcares.org\/ca#website"},"primaryImageOfPage":{"@id":"https:\/\/sweetcares.org\/ca\/treballeu-amb-nosaltres#primaryimage"},"image":{"@id":"https:\/\/sweetcares.org\/ca\/treballeu-amb-nosaltres#primaryimage"},"thumbnailUrl":"https:\/\/sweetcares.org\/wp-content\/uploads\/2025\/10\/preschool-boy-playing-with-colorful-toy-rocket-2025-10-09-10-35-49-utc-scaled.jpg","datePublished":"2025-10-14T15:01:06+00:00","dateModified":"2025-12-01T08:59:51+00:00","breadcrumb":{"@id":"https:\/\/sweetcares.org\/ca\/treballeu-amb-nosaltres#breadcrumb"},"inLanguage":"ca","potentialAction":[{"@type":"ReadAction","target":["https:\/\/sweetcares.org\/ca\/treballeu-amb-nosaltres"]}]},{"@type":"ImageObject","inLanguage":"ca","@id":"https:\/\/sweetcares.org\/ca\/treballeu-amb-nosaltres#primaryimage","url":"https:\/\/sweetcares.org\/wp-content\/uploads\/2025\/10\/preschool-boy-playing-with-colorful-toy-rocket-2025-10-09-10-35-49-utc-scaled.jpg","contentUrl":"https:\/\/sweetcares.org\/wp-content\/uploads\/2025\/10\/preschool-boy-playing-with-colorful-toy-rocket-2025-10-09-10-35-49-utc-scaled.jpg"},{"@type":"BreadcrumbList","@id":"https:\/\/sweetcares.org\/ca\/treballeu-amb-nosaltres#breadcrumb","itemListElement":[{"@type":"ListItem","position":1,"name":"Portada","item":"https:\/\/sweetcares.org\/ca"},{"@type":"ListItem","position":2,"name":"Treballeu amb nosaltres"}]},{"@type":"WebSite","@id":"https:\/\/sweetcares.org\/ca#website","url":"https:\/\/sweetcares.org\/ca","name":"SweetCares","description":"Cerca de ti","publisher":{"@id":"https:\/\/sweetcares.org\/ca#organization"},"alternateName":"Cuidamos a los que m\u00e1s quieres","potentialAction":[{"@type":"SearchAction","target":{"@type":"EntryPoint","urlTemplate":"https:\/\/sweetcares.org\/ca?s={search_term_string}"},"query-input":{"@type":"PropertyValueSpecification","valueRequired":true,"valueName":"search_term_string"}}],"inLanguage":"ca"},{"@type":"Organization","@id":"https:\/\/sweetcares.org\/ca#organization","name":"SweetCares","url":"https:\/\/sweetcares.org\/ca","logo":{"@type":"ImageObject","inLanguage":"ca","@id":"https:\/\/sweetcares.org\/ca#\/schema\/logo\/image\/","url":"https:\/\/sweetcares.org\/wp-content\/uploads\/2025\/10\/Logo_Sweet_Cares.webp","contentUrl":"https:\/\/sweetcares.org\/wp-content\/uploads\/2025\/10\/Logo_Sweet_Cares.webp","width":300,"height":300,"caption":"SweetCares"},"image":{"@id":"https:\/\/sweetcares.org\/ca#\/schema\/logo\/image\/"}}]}},"_hostinger_reach_plugin_has_subscription_block":false,"_hostinger_reach_plugin_is_elementor":false,"_links":{"self":[{"href":"https:\/\/sweetcares.org\/ca\/wp-json\/wp\/v2\/pages\/405","targetHints":{"allow":["GET"]}}],"collection":[{"href":"https:\/\/sweetcares.org\/ca\/wp-json\/wp\/v2\/pages"}],"about":[{"href":"https:\/\/sweetcares.org\/ca\/wp-json\/wp\/v2\/types\/page"}],"author":[{"embeddable":true,"href":"https:\/\/sweetcares.org\/ca\/wp-json\/wp\/v2\/users\/1"}],"replies":[{"embeddable":true,"href":"https:\/\/sweetcares.org\/ca\/wp-json\/wp\/v2\/comments?post=405"}],"version-history":[{"count":3,"href":"https:\/\/sweetcares.org\/ca\/wp-json\/wp\/v2\/pages\/405\/revisions"}],"predecessor-version":[{"id":548,"href":"https:\/\/sweetcares.org\/ca\/wp-json\/wp\/v2\/pages\/405\/revisions\/548"}],"wp:attachment":[{"href":"https:\/\/sweetcares.org\/ca\/wp-json\/wp\/v2\/media?parent=405"}],"curies":[{"name":"wp","href":"https:\/\/api.w.org\/{rel}","templated":true}]}}